{"id":3,"date":"2018-07-16T09:04:57","date_gmt":"2018-07-16T07:04:57","guid":{"rendered":"http:\/\/www.studiotut.com\/impressum\/"},"modified":"2018-11-22T13:06:20","modified_gmt":"2018-11-22T12:06:20","slug":"impressum","status":"publish","type":"page","link":"https:\/\/www.studiotut.com\/en\/impressum\/","title":{"rendered":"imprint"},"content":{"rendered":"<div class=\"grid kcm\">\n<div class=\"grid__item one-twelfth portable--auto lap--auto palm--auto top-no-padding bottom-no-padding\"><\/div>\n<div class=\"grid__item nine-twelfths portable--auto lap--auto palm--auto top-no-padding bottom-no-padding\">\n<h1><span style=\"font-size: 36px;\"><strong>imprint<\/strong><\/span><\/h1>\n<\/div>\n<div class=\"grid__item two-twelfths portable--auto lap--auto palm--auto top-no-padding bottom-no-padding\"><\/div>\n<div class=\"grid__item one-twelfth portable--auto lap--auto palm--auto top-no-padding bottom-no-padding\"><\/div>\n<div class=\"grid__item nine-twelfths portable--auto lap--auto palm--auto top-no-padding bottom-no-padding\">\n<p>F\u00fcr den Inhalt verantwortlich:<\/p>\n<p><strong>studiotut<br \/>\n<\/strong>Marie Nemeth und\u00a0Silvia Stocker<br \/>\nKellermanngasse 1-3\/2\/7<br \/>\n1070 Wien, \u00d6sterreich<\/p>\n<p>+43 650 979 83 63<br \/>\n+43 650 555 19 12<br \/>\ninfo@studiotut.com<br \/>\nwww.studiotut.com<\/p>\n<p><strong>Mitgliedschaften<\/strong><br \/>\nDesign Austria, Wirtschaftskammer<\/p>\n<p><strong>AABs<\/strong><br \/>\nEs gelten die Allgemeinen Auftragsbestimmungen von Design Austria.<\/p>\n<p><strong>Copyright<br \/>\n<\/strong>S\u00e4mtliche Texte, Bilder, Grafiken, Entw\u00fcrfe sowie Layouts auf www.studiotut.com sind geistiges Eigentum von studiotut oder wurden von den jeweiligen Eigent\u00fcmern f\u00fcr die Darstellung im Rahmen von www.studiotut.com zur Verf\u00fcgung gestellt. Sie sind nach \u00a7 3 Abs. 1 und 2 des Urheberrechtsgesetzes urheberrechtlich gesch\u00fctzt.<\/p>\n<p>Jede Verwertung oder \u00dcbernahme von Texten und Bildern bedarf der schriftlichen Zustimmung des Eigent\u00fcmers. Unerlaubte Verwendung, Reproduktion, Abwandlung und Weitergabe der Inhalte werden sowohl straf- als auch zivilrechtlich verfolgt.<br \/>\n<b><\/b><\/p>\n<\/div>\n<div class=\"grid__item two-twelfths portable--auto lap--auto palm--auto top-no-padding bottom-no-padding\"><\/div>\n<div class=\"grid__item one-twelfth portable--auto lap--auto palm--auto top-no-padding bottom-no-padding\"><\/div>\n<div class=\"grid__item nine-twelfths portable--auto lap--auto palm--auto top-no-padding bottom-no-padding\">\n<h1><span style=\"font-size: 36px;\"><strong>Datenschutzerkl\u00e4rung<\/strong><\/span><\/h1>\n<\/div>\n<div class=\"grid__item two-twelfths portable--auto lap--auto palm--auto top-no-padding bottom-no-padding\"><\/div>\n<div class=\"grid__item one-twelfth portable--auto lap--auto palm--auto top-no-padding bottom-no-padding\"><\/div>\n<div class=\"grid__item nine-twelfths portable--auto lap--auto palm--auto top-no-padding bottom-no-padding\">\n<p>Der Schutz Ihrer pers\u00f6nlichen Daten ist uns ein besonderes Anliegen. Wir verarbeiten Ihre Daten daher ausschlie\u00dflich auf Grundlage der gesetzlichen Bestimmungen (DSGVO, TKG 2003). In diesen Datenschutzinformationen informieren wir Sie \u00fcber die wichtigsten Aspekte der Datenverarbeitung im Rahmen unserer Website.<b><br \/>\n<\/b><br \/>\n<strong>Kontakt mit uns<\/strong><b><br \/>\n<\/b>Wenn Sie per Formular auf der Website oder per E-Mail Kontakt mit uns aufnehmen, werden Ihre angegebenen Daten zwecks Bearbeitung der Anfrage und f\u00fcr den Fall von Anschlussfragen sechs Monate bei uns gespeichert. Diese Daten geben wir nicht ohne Ihre Einwilligung weiter.<\/p>\n<p><strong>Ihre Rechte<\/strong><b><br \/>\n<\/b>Ihnen stehen bez\u00fcglich Ihrer bei uns gespeicherten Daten grunds\u00e4tzlich die Rechte auf Auskunft, Berichtigung, L\u00f6schung, Einschr\u00e4nkung, Daten\u00fcbertragbarkeit, Widerruf und Widerspruch zu. Wenn Sie glauben, dass die Verarbeitung Ihrer Daten gegen das Datenschutzrecht verst\u00f6\u00dft oder Ihre datenschutzrechtlichen Anspr\u00fcche sonst in einer Weise verletzt worden sind, k\u00f6nnen Sie sich bei uns oder der Datenschutzbeh\u00f6rde beschweren.<br \/>\n<b><\/b><\/p>\n<\/div>\n<div class=\"grid__item two-twelfths portable--auto lap--auto palm--auto top-no-padding bottom-no-padding\"><\/div>\n<\/div>","protected":false},"excerpt":{"rendered":"<p>Impressum F\u00fcr den Inhalt verantwortlich: studiotut Marie Nemeth und\u00a0Silvia Stocker Kellermanngasse 1-3\/2\/7 1070 Wien, \u00d6sterreich +43 650 979 83 63 +43 650 555 19 12 info@studiotut.com www.studiotut.com Mitgliedschaften Design Austria, Wirtschaftskammer AABs Es gelten die Allgemeinen Auftragsbestimmungen von Design Austria. Copyright S\u00e4mtliche Texte, Bilder, Grafiken, Entw\u00fcrfe sowie Layouts auf www.studiotut.com sind geistiges Eigentum von studiotut [&hellip;]<\/p>","protected":false},"author":1,"featured_media":0,"parent":0,"menu_order":0,"comment_status":"closed","ping_status":"closed","template":"","meta":{"footnotes":""},"class_list":["post-3","page","type-page","status-publish","hentry"],"_links":{"self":[{"href":"https:\/\/www.studiotut.com\/en\/wp-json\/wp\/v2\/pages\/3","targetHints":{"allow":["GET"]}}],"collection":[{"href":"https:\/\/www.studiotut.com\/en\/wp-json\/wp\/v2\/pages"}],"about":[{"href":"https:\/\/www.studiotut.com\/en\/wp-json\/wp\/v2\/types\/page"}],"author":[{"embeddable":true,"href":"https:\/\/www.studiotut.com\/en\/wp-json\/wp\/v2\/users\/1"}],"replies":[{"embeddable":true,"href":"https:\/\/www.studiotut.com\/en\/wp-json\/wp\/v2\/comments?post=3"}],"version-history":[{"count":25,"href":"https:\/\/www.studiotut.com\/en\/wp-json\/wp\/v2\/pages\/3\/revisions"}],"predecessor-version":[{"id":3270,"href":"https:\/\/www.studiotut.com\/en\/wp-json\/wp\/v2\/pages\/3\/revisions\/3270"}],"wp:attachment":[{"href":"https:\/\/www.studiotut.com\/en\/wp-json\/wp\/v2\/media?parent=3"}],"curies":[{"name":"wp","href":"https:\/\/api.w.org\/{rel}","templated":true}]}}